{"id":3,"date":"2024-05-08T10:33:46","date_gmt":"2024-05-08T10:33:46","guid":{"rendered":"https:\/\/kovacsago.com\/?page_id=3"},"modified":"2024-09-28T16:04:16","modified_gmt":"2024-09-28T15:04:16","slug":"adatvedelem","status":"publish","type":"page","link":"https:\/\/kovacsago.com\/de\/datenelement\/","title":{"rendered":"Datenschutz"},"content":{"rendered":"<div data-elementor-type=\"wp-page\" data-elementor-id=\"3\" class=\"elementor elementor-3\" data-elementor-post-type=\"page\">\n\t\t\t\t\t\t<section class=\"elementor-section elementor-top-section elementor-element elementor-element-55d3f0d3 elementor-section-height-min-height elementor-section-boxed elementor-section-height-default elementor-section-items-middle\" data-id=\"55d3f0d3\" data-element_type=\"section\" data-e-type=\"section\" data-settings=\"{&quot;background_background&quot;:&quot;classic&quot;}\">\n\t\t\t\t\t\t\t<div class=\"elementor-background-overlay\"><\/div>\n\t\t\t\t\t\t\t<div class=\"elementor-container elementor-column-gap-default\">\n\t\t\t\t\t<div class=\"elementor-column elementor-col-100 elementor-top-column elementor-element elementor-element-1afdb313\" data-id=\"1afdb313\" data-element_type=\"column\" data-e-type=\"column\">\n\t\t\t<div class=\"elementor-widget-wrap elementor-element-populated\">\n\t\t\t\t\t\t<div class=\"elementor-element elementor-element-30cd4d8f elementor-invisible elementor-widget elementor-widget-heading\" data-id=\"30cd4d8f\" data-element_type=\"widget\" data-e-type=\"widget\" data-settings=\"{&quot;_animation&quot;:&quot;fadeIn&quot;}\" data-widget_type=\"heading.default\">\n\t\t\t\t<div class=\"elementor-widget-container\">\n\t\t\t\t\t<h2 class=\"elementor-heading-title elementor-size-default\">Datenschutzbestimmungen <\/h2>\t\t\t\t<\/div>\n\t\t\t\t<\/div>\n\t\t\t\t\t<\/div>\n\t\t<\/div>\n\t\t\t\t\t<\/div>\n\t\t<\/section>\n\t\t<div class=\"elementor-element elementor-element-155077b e-flex e-con-boxed e-con e-parent\" data-id=\"155077b\" data-element_type=\"container\" data-e-type=\"container\">\n\t\t\t\t\t<div class=\"e-con-inner\">\n\t\t\t\t<div class=\"elementor-element elementor-element-9e3d154 elementor-widget elementor-widget-text-editor\" data-id=\"9e3d154\" data-element_type=\"widget\" data-e-type=\"widget\" data-widget_type=\"text-editor.default\">\n\t\t\t\t<div class=\"elementor-widget-container\">\n\t\t\t\t\t\t\t\t\t\n<h2 class=\"wp-block-heading\">Wer wir sind<\/h2>\n\n\n<p><strong class=\"privacy-policy-tutorial\">Vorgeschlagener Text: <\/strong>Unsere Website-Adresse lautet: https:\/\/kovacsago.com.<\/p>\n\n\n<h2 class=\"wp-block-heading\">Kommentare<\/h2>\n\n\n<p><strong class=\"privacy-policy-tutorial\">Vorgeschlagener Text: <\/strong>Wenn Besucher Kommentare auf der Website hinterlassen, erfassen wir die im Kommentarformular angezeigten Daten sowie die IP-Adresse und den User-Agent-String des Browsers des Besuchers, um die Spam-Erkennung zu erleichtern.<\/p>\n\n\n<p>Eine anonymisierte Zeichenkette, die aus Ihrer E-Mail-Adresse erstellt wird (auch Hash genannt), kann dem Gravatar-Dienst zur Verf\u00fcgung gestellt werden, um zu sehen, ob Sie ihn benutzen. Die Datenschutzbestimmungen des Gravatar-Dienstes finden Sie hier: https:\/\/automattic.com\/privacy\/. Nach der Genehmigung Ihres Kommentars ist Ihr Profilbild im Kontext Ihres Kommentars \u00f6ffentlich sichtbar.<\/p>\n\n\n<h2 class=\"wp-block-heading\">Medien<\/h2>\n\n\n<p><strong class=\"privacy-policy-tutorial\">Vorgeschlagener Text: <\/strong>Wenn Sie Bilder auf die Website hochladen, sollten Sie es vermeiden, Bilder mit eingebetteten Standortdaten (EXIF-GPS) hochzuladen, da die Besucher der Website alle Standortdaten von den Bildern auf der Website herunterladen und extrahieren k\u00f6nnen.<\/p>\n\n\n<h2 class=\"wp-block-heading\">Cookies<\/h2>\n\n\n<p><strong class=\"privacy-policy-tutorial\">Vorgeschlagener Text: <\/strong>Wenn Sie einen Kommentar auf unserer Website hinterlassen, k\u00f6nnen Sie sich damit einverstanden erkl\u00e4ren, dass Ihr Name, Ihre E-Mail-Adresse und Ihre Website in Cookies gespeichert werden, damit Sie Ihre Daten nicht erneut eingeben m\u00fcssen, wenn Sie einen weiteren Kommentar hinterlassen. Diese Cookies sind ein Jahr lang g\u00fcltig.<\/p>\n\n\n<p>Wenn Sie unsere Anmeldeseite besuchen, setzen wir einen tempor\u00e4ren Cookie, um festzustellen, ob Ihr Browser Cookies akzeptiert. Dieser Cookie enth\u00e4lt keine pers\u00f6nlichen Daten und wird gel\u00f6scht, wenn Sie Ihren Browser schlie\u00dfen.<\/p>\n\n\n<p>Wenn Sie sich anmelden, legen wir au\u00dferdem mehrere Cookies an, um Ihre Anmeldeinformationen und Ihre Bildschirmoptionen zu speichern. Die Anmelde-Cookies bleiben zwei Tage lang bestehen, die Cookies f\u00fcr die Bildschirmoptionen ein Jahr lang. Wenn Sie die Option \"Merken\" w\u00e4hlen, bleibt Ihre Anmeldung zwei Wochen lang bestehen. Wenn Sie sich von Ihrem Konto abmelden, werden die Anmelde-Cookies entfernt.<\/p>\n\n\n<p>Wenn Sie einen Artikel bearbeiten oder ver\u00f6ffentlichen, wird ein zus\u00e4tzliches Cookie in Ihrem Browser gespeichert. Dieses Cookie enth\u00e4lt keine pers\u00f6nlichen Daten und zeigt lediglich die Post-ID des Artikels an, den Sie gerade bearbeitet haben. Er verf\u00e4llt nach 1 Tag.<\/p>\n\n\n<h2 class=\"wp-block-heading\">Eingebettete Inhalte von anderen Websites<\/h2>\n\n\n<p><strong class=\"privacy-policy-tutorial\">Vorgeschlagener Text: <\/strong>Die Artikel auf dieser Website k\u00f6nnen eingebettete Inhalte (z. B. Videos, Bilder, Artikel usw.) enthalten. Eingebettete Inhalte von anderen Websites verhalten sich genau so, als ob der Besucher die andere Website besucht h\u00e4tte.<\/p>\n\n\n<p>Diese Websites k\u00f6nnen Daten \u00fcber Sie sammeln, Cookies verwenden, zus\u00e4tzliche Trackingfunktionen von Dritten einbetten und Ihre Interaktion mit diesen eingebetteten Inhalten \u00fcberwachen, einschlie\u00dflich der Verfolgung Ihrer Interaktion mit den eingebetteten Inhalten, wenn Sie ein Konto haben und auf dieser Website angemeldet sind.<\/p>\n\n\n<h2 class=\"wp-block-heading\">Mit wem wir Ihre Daten teilen<\/h2>\n\n\n<p><strong class=\"privacy-policy-tutorial\">Vorgeschlagener Text: <\/strong>Wenn Sie ein neues Passwort anfordern, wird Ihre IP-Adresse in der E-Mail mit dem neuen Passwort angegeben.<\/p>\n\n\n<h2 class=\"wp-block-heading\">Wie lange wir Ihre Daten aufbewahren<\/h2>\n\n\n<p><strong class=\"privacy-policy-tutorial\">Vorgeschlagener Text: <\/strong>Wenn Sie einen Kommentar hinterlassen, werden der Kommentar und seine Metadaten auf unbestimmte Zeit gespeichert. Auf diese Weise k\u00f6nnen wir Folgekommentare automatisch erkennen und genehmigen, anstatt sie in einer Moderationswarteschlange zu halten.<\/p>\n\n\n<p>F\u00fcr Benutzer, die sich auf unserer Website registrieren (falls vorhanden), speichern wir auch die pers\u00f6nlichen Daten, die sie in ihrem Benutzerprofil angeben. Alle Benutzer k\u00f6nnen ihre pers\u00f6nlichen Daten jederzeit einsehen, bearbeiten oder l\u00f6schen (au\u00dfer sie k\u00f6nnen ihren Benutzernamen nicht \u00e4ndern). Website-Administratoren k\u00f6nnen diese Daten ebenfalls einsehen und bearbeiten.<\/p>\n\n\n<h2 class=\"wp-block-heading\">Welche Rechte Sie an Ihren Daten haben<\/h2>\n\n\n<p><strong class=\"privacy-policy-tutorial\">Vorgeschlagener Text: <\/strong>Wenn Sie ein Konto auf dieser Website haben oder Kommentare hinterlassen haben, k\u00f6nnen Sie eine exportierte Datei der personenbezogenen Daten anfordern, die wir \u00fcber Sie gespeichert haben, einschlie\u00dflich aller Daten, die Sie uns zur Verf\u00fcgung gestellt haben. Sie k\u00f6nnen auch verlangen, dass wir alle personenbezogenen Daten l\u00f6schen, die wir \u00fcber Sie gespeichert haben. Davon ausgenommen sind Daten, die wir aus verwaltungstechnischen, rechtlichen oder sicherheitsrelevanten Gr\u00fcnden aufbewahren m\u00fcssen.<\/p>\n\n\n<h2 class=\"wp-block-heading\">Wohin Ihre Daten gesendet werden<\/h2>\n\n\n<p><strong class=\"privacy-policy-tutorial\">Vorgeschlagener Text: <\/strong>Die Kommentare der Besucher k\u00f6nnen durch einen automatischen Spam-Erkennungsdienst \u00fcberpr\u00fcft werden.<\/p>\n\n\t\t\t\t\t\t\t\t<\/div>\n\t\t\t\t<\/div>\n\t\t\t\t\t<\/div>\n\t\t\t\t<\/div>\n\t\t\t\t<\/div>","protected":false},"excerpt":{"rendered":"<p>Adatv\u00e9delmi Szab\u00e1lyzat Who we are Suggested text: Our website address is: https:\/\/kovacsago.com. Comments Suggested text: When visitors leave comments on the site we collect the data shown in the comments form, and also the visitor&#8217;s IP address and browser user agent string to help spam detection. An anonymized string created from your email address (also [&hellip;]<\/p>\n","protected":false},"author":1,"featured_media":0,"parent":0,"menu_order":0,"comment_status":"closed","ping_status":"open","template":"elementor_header_footer","meta":{"footnotes":""},"class_list":["post-3","page","type-page","status-publish","hentry"],"yoast_head":"<!-- This site is optimized with the Yoast SEO Premium plugin v27.3 (Yoast SEO v27.3) - https:\/\/yoast.com\/product\/yoast-seo-premium-wordpress\/ -->\n<title>Adatv\u00e9delem - kovacsago.com<\/title>\n<meta name=\"robots\" content=\"index, follow, max-snippet:-1, max-image-preview:large, max-video-preview:-1\" \/>\n<link rel=\"canonical\" href=\"https:\/\/kovacsago.com\/de\/datenelement\/\" \/>\n<meta property=\"og:locale\" content=\"de_DE\" \/>\n<meta property=\"og:type\" content=\"article\" \/>\n<meta property=\"og:title\" content=\"Adatv\u00e9delem\" \/>\n<meta property=\"og:description\" content=\"Adatv\u00e9delmi Szab\u00e1lyzat Who we are Suggested text: Our website address is: https:\/\/kovacsago.com. Comments Suggested text: When visitors leave comments on the site we collect the data shown in the comments form, and also the visitor&#8217;s IP address and browser user agent string to help spam detection. An anonymized string created from your email address (also [&hellip;]\" \/>\n<meta property=\"og:url\" content=\"https:\/\/kovacsago.com\/de\/datenelement\/\" \/>\n<meta property=\"og:site_name\" content=\"kovacsago.com\" \/>\n<meta property=\"article:modified_time\" content=\"2024-09-28T15:04:16+00:00\" \/>\n<meta name=\"twitter:card\" content=\"summary_large_image\" \/>\n<meta name=\"twitter:label1\" content=\"Gesch\u00e4tzte Lesezeit\" \/>\n\t<meta name=\"twitter:data1\" content=\"3\u00a0Minuten\" \/>\n<script type=\"application\/ld+json\" class=\"yoast-schema-graph\">{\"@context\":\"https:\\\/\\\/schema.org\",\"@graph\":[{\"@type\":\"WebPage\",\"@id\":\"https:\\\/\\\/kovacsago.com\\\/adatvedelem\\\/\",\"url\":\"https:\\\/\\\/kovacsago.com\\\/adatvedelem\\\/\",\"name\":\"Adatv\u00e9delem - kovacsago.com\",\"isPartOf\":{\"@id\":\"https:\\\/\\\/kovacsago.com\\\/#website\"},\"datePublished\":\"2024-05-08T10:33:46+00:00\",\"dateModified\":\"2024-09-28T15:04:16+00:00\",\"breadcrumb\":{\"@id\":\"https:\\\/\\\/kovacsago.com\\\/adatvedelem\\\/#breadcrumb\"},\"inLanguage\":\"de\",\"potentialAction\":[{\"@type\":\"ReadAction\",\"target\":[\"https:\\\/\\\/kovacsago.com\\\/adatvedelem\\\/\"]}]},{\"@type\":\"BreadcrumbList\",\"@id\":\"https:\\\/\\\/kovacsago.com\\\/adatvedelem\\\/#breadcrumb\",\"itemListElement\":[{\"@type\":\"ListItem\",\"position\":1,\"name\":\"Home\",\"item\":\"https:\\\/\\\/kovacsago.com\\\/\"},{\"@type\":\"ListItem\",\"position\":2,\"name\":\"Adatv\u00e9delem\"}]},{\"@type\":\"WebSite\",\"@id\":\"https:\\\/\\\/kovacsago.com\\\/#website\",\"url\":\"https:\\\/\\\/kovacsago.com\\\/\",\"name\":\"kovacsago.com\",\"description\":\"Kov\u00e1cs \u00c1g\u00f3 - Far\u00f6nk lenyomatok\",\"publisher\":{\"@id\":\"https:\\\/\\\/kovacsago.com\\\/#organization\"},\"potentialAction\":[{\"@type\":\"SearchAction\",\"target\":{\"@type\":\"EntryPoint\",\"urlTemplate\":\"https:\\\/\\\/kovacsago.com\\\/?s={search_term_string}\"},\"query-input\":{\"@type\":\"PropertyValueSpecification\",\"valueRequired\":true,\"valueName\":\"search_term_string\"}}],\"inLanguage\":\"de\"},{\"@type\":\"Organization\",\"@id\":\"https:\\\/\\\/kovacsago.com\\\/#organization\",\"name\":\"kovacsago.com\",\"url\":\"https:\\\/\\\/kovacsago.com\\\/\",\"logo\":{\"@type\":\"ImageObject\",\"inLanguage\":\"de\",\"@id\":\"https:\\\/\\\/kovacsago.com\\\/#\\\/schema\\\/logo\\\/image\\\/\",\"url\":\"https:\\\/\\\/kovacsago.com\\\/wp-content\\\/uploads\\\/2024\\\/09\\\/Kovacs-Ago-Logo_hatternelkul_fekete-3.png\",\"contentUrl\":\"https:\\\/\\\/kovacsago.com\\\/wp-content\\\/uploads\\\/2024\\\/09\\\/Kovacs-Ago-Logo_hatternelkul_fekete-3.png\",\"width\":2084,\"height\":2084,\"caption\":\"kovacsago.com\"},\"image\":{\"@id\":\"https:\\\/\\\/kovacsago.com\\\/#\\\/schema\\\/logo\\\/image\\\/\"}}]}<\/script>\n<!-- \/ Yoast SEO Premium plugin. -->","yoast_head_json":{"title":"Datenschutzerkl\u00e4rung - kovacsago.com","robots":{"index":"index","follow":"follow","max-snippet":"max-snippet:-1","max-image-preview":"max-image-preview:large","max-video-preview":"max-video-preview:-1"},"canonical":"https:\/\/kovacsago.com\/de\/datenelement\/","og_locale":"de_DE","og_type":"article","og_title":"Adatv\u00e9delem","og_description":"Adatv\u00e9delmi Szab\u00e1lyzat Who we are Suggested text: Our website address is: https:\/\/kovacsago.com. Comments Suggested text: When visitors leave comments on the site we collect the data shown in the comments form, and also the visitor&#8217;s IP address and browser user agent string to help spam detection. An anonymized string created from your email address (also [&hellip;]","og_url":"https:\/\/kovacsago.com\/de\/datenelement\/","og_site_name":"kovacsago.com","article_modified_time":"2024-09-28T15:04:16+00:00","twitter_card":"summary_large_image","twitter_misc":{"Gesch\u00e4tzte Lesezeit":"3\u00a0Minuten"},"schema":{"@context":"https:\/\/schema.org","@graph":[{"@type":"WebPage","@id":"https:\/\/kovacsago.com\/adatvedelem\/","url":"https:\/\/kovacsago.com\/adatvedelem\/","name":"Datenschutzerkl\u00e4rung - kovacsago.com","isPartOf":{"@id":"https:\/\/kovacsago.com\/#website"},"datePublished":"2024-05-08T10:33:46+00:00","dateModified":"2024-09-28T15:04:16+00:00","breadcrumb":{"@id":"https:\/\/kovacsago.com\/adatvedelem\/#breadcrumb"},"inLanguage":"de","potentialAction":[{"@type":"ReadAction","target":["https:\/\/kovacsago.com\/adatvedelem\/"]}]},{"@type":"BreadcrumbList","@id":"https:\/\/kovacsago.com\/adatvedelem\/#breadcrumb","itemListElement":[{"@type":"ListItem","position":1,"name":"Home","item":"https:\/\/kovacsago.com\/"},{"@type":"ListItem","position":2,"name":"Adatv\u00e9delem"}]},{"@type":"WebSite","@id":"https:\/\/kovacsago.com\/#website","url":"https:\/\/kovacsago.com\/","name":"kovacsago.com","description":"Kov\u00e1cs \u00c1g\u00f3 - Holzschnitte","publisher":{"@id":"https:\/\/kovacsago.com\/#organization"},"potentialAction":[{"@type":"SearchAction","target":{"@type":"EntryPoint","urlTemplate":"https:\/\/kovacsago.com\/?s={search_term_string}"},"query-input":{"@type":"PropertyValueSpecification","valueRequired":true,"valueName":"search_term_string"}}],"inLanguage":"de"},{"@type":"Organization","@id":"https:\/\/kovacsago.com\/#organization","name":"kovacsago.com","url":"https:\/\/kovacsago.com\/","logo":{"@type":"ImageObject","inLanguage":"de","@id":"https:\/\/kovacsago.com\/#\/schema\/logo\/image\/","url":"https:\/\/kovacsago.com\/wp-content\/uploads\/2024\/09\/Kovacs-Ago-Logo_hatternelkul_fekete-3.png","contentUrl":"https:\/\/kovacsago.com\/wp-content\/uploads\/2024\/09\/Kovacs-Ago-Logo_hatternelkul_fekete-3.png","width":2084,"height":2084,"caption":"kovacsago.com"},"image":{"@id":"https:\/\/kovacsago.com\/#\/schema\/logo\/image\/"}}]}},"_links":{"self":[{"href":"https:\/\/kovacsago.com\/de\/wp-json\/wp\/v2\/pages\/3","targetHints":{"allow":["GET"]}}],"collection":[{"href":"https:\/\/kovacsago.com\/de\/wp-json\/wp\/v2\/pages"}],"about":[{"href":"https:\/\/kovacsago.com\/de\/wp-json\/wp\/v2\/types\/page"}],"author":[{"embeddable":true,"href":"https:\/\/kovacsago.com\/de\/wp-json\/wp\/v2\/users\/1"}],"replies":[{"embeddable":true,"href":"https:\/\/kovacsago.com\/de\/wp-json\/wp\/v2\/comments?post=3"}],"version-history":[{"count":5,"href":"https:\/\/kovacsago.com\/de\/wp-json\/wp\/v2\/pages\/3\/revisions"}],"predecessor-version":[{"id":741,"href":"https:\/\/kovacsago.com\/de\/wp-json\/wp\/v2\/pages\/3\/revisions\/741"}],"wp:attachment":[{"href":"https:\/\/kovacsago.com\/de\/wp-json\/wp\/v2\/media?parent=3"}],"curies":[{"name":"wp","href":"https:\/\/api.w.org\/{rel}","templated":true}]}}